{"id":26,"date":"2023-08-15T14:38:48","date_gmt":"2023-08-15T17:38:48","guid":{"rendered":"https:\/\/editoraverne.com.br\/?page_id=26"},"modified":"2023-08-15T17:27:48","modified_gmt":"2023-08-15T20:27:48","slug":"livros","status":"publish","type":"page","link":"https:\/\/editoraverne.com.br\/","title":{"rendered":"Livros"},"content":{"rendered":"<p><svg xmlns=\"http:\/\/www.w3.org\/2000\/svg\" xmlns:cc=\"http:\/\/creativecommons.org\/ns#\" xmlns:dc=\"http:\/\/purl.org\/dc\/elements\/1.1\/\" xmlns:inkscape=\"http:\/\/www.inkscape.org\/namespaces\/inkscape\" xmlns:rdf=\"http:\/\/www.w3.org\/1999\/02\/22-rdf-syntax-ns#\" xmlns:sodipodi=\"http:\/\/sodipodi.sourceforge.net\/DTD\/sodipodi-0.dtd\" xmlns:svg=\"http:\/\/www.w3.org\/2000\/svg\" height=\"32\" id=\"svg2\" viewBox=\"0 0 32 32\" width=\"32\" xml:space=\"preserve\"><defs id=\"defs6\"><\/defs><g id=\"g10\" transform=\"matrix(1.3333333,0,0,-1.3333333,0,32)\"><path d=\"M 6.4124,16.292783 H 18.411669\" id=\"path168\" style=\"fill:#333333;stroke:#333333;stroke-width:0.77399999;stroke-linecap:round;stroke-linejoin:round;stroke-miterlimit:4;stroke-dasharray:none;stroke-opacity:1\"><\/path><path d=\"m 6.4124,12.110025 h 8.205209\" id=\"path170\" style=\"fill:#333333;stroke:#333333;stroke-width:0.77399999;stroke-linecap:round;stroke-linejoin:round;stroke-miterlimit:4;stroke-dasharray:none;stroke-opacity:1\"><\/path><path d=\"m 6.4124,7.9272666 h 4.424821\" id=\"path981\" style=\"fill:#333333;stroke:#333333;stroke-width:0.77399999;stroke-linecap:round;stroke-linejoin:round;stroke-miterlimit:4;stroke-dasharray:none;stroke-opacity:1\"><\/path><\/g><\/svg>\t\t\t<\/p>\n<fieldset>\n<legend style=\"display:none;\">Filtro<\/legend>\n<p>\t<label ><br \/>\n\t\t<input\n\t\t\ttype=\"checkbox\"\n\t\t\tclass=\"jet-checkboxes-list__input\"\n\t\t\tname=\"product_cat\"\n\t\t\tvalue=\"15\"\n\t\t\tdata-label=\"Lan\u00e7amento\"\n\t\t\taria-label=\"Lan\u00e7amento\"\n\t\t\t\t\t><br \/>\n\t\t\t\t\t\tLan\u00e7amento<br \/>\n\t<\/label><br \/>\n\t<label ><br \/>\n\t\t<input\n\t\t\ttype=\"checkbox\"\n\t\t\tclass=\"jet-checkboxes-list__input\"\n\t\t\tname=\"product_cat\"\n\t\t\tvalue=\"16\"\n\t\t\tdata-label=\"Fic\u00e7\u00e3o\"\n\t\t\taria-label=\"Fic\u00e7\u00e3o\"\n\t\t\t\t\t><br \/>\n\t\t\t\t\t\tFic\u00e7\u00e3o<br \/>\n\t<\/label><br \/>\n\t<label ><br \/>\n\t\t<input\n\t\t\ttype=\"checkbox\"\n\t\t\tclass=\"jet-checkboxes-list__input\"\n\t\t\tname=\"product_cat\"\n\t\t\tvalue=\"19\"\n\t\t\tdata-label=\"Todos\"\n\t\t\taria-label=\"Todos\"\n\t\t\t\t\t><br \/>\n\t\t\t\t\t\tTodos<br \/>\n\t<\/label><br \/>\n<\/fieldset>\n<p>\t\t\t<a href=\"https:\/\/editoraverne.com.br\/carrinho\/\"><br \/>\n\t\t\t\t\t\t<\/a><br \/>\n\t\t\t<a href=\"https:\/\/editoraverne.com.br\/carrinho\/\"><br \/>\n\t\t\t\t\t\t<\/a><br \/>\n\t\t\t<svg xmlns=\"http:\/\/www.w3.org\/2000\/svg\" xmlns:cc=\"http:\/\/creativecommons.org\/ns#\" xmlns:dc=\"http:\/\/purl.org\/dc\/elements\/1.1\/\" xmlns:inkscape=\"http:\/\/www.inkscape.org\/namespaces\/inkscape\" xmlns:rdf=\"http:\/\/www.w3.org\/1999\/02\/22-rdf-syntax-ns#\" xmlns:sodipodi=\"http:\/\/sodipodi.sourceforge.net\/DTD\/sodipodi-0.dtd\" xmlns:svg=\"http:\/\/www.w3.org\/2000\/svg\" height=\"32\" id=\"svg2\" viewBox=\"0 0 32 32\" width=\"32\" xml:space=\"preserve\"><defs id=\"defs6\"><\/defs><g id=\"g10\" transform=\"matrix(1.3333333,0,0,-1.3333333,0,32)\"><path d=\"M 6.4124,16.292783 H 18.411669\" id=\"path168\" style=\"fill:#333333;stroke:#333333;stroke-width:0.77399999;stroke-linecap:round;stroke-linejoin:round;stroke-miterlimit:4;stroke-dasharray:none;stroke-opacity:1\"><\/path><path d=\"m 6.4124,12.110025 h 8.205209\" id=\"path170\" style=\"fill:#333333;stroke:#333333;stroke-width:0.77399999;stroke-linecap:round;stroke-linejoin:round;stroke-miterlimit:4;stroke-dasharray:none;stroke-opacity:1\"><\/path><path d=\"m 6.4124,7.9272666 h 4.424821\" id=\"path981\" style=\"fill:#333333;stroke:#333333;stroke-width:0.77399999;stroke-linecap:round;stroke-linejoin:round;stroke-miterlimit:4;stroke-dasharray:none;stroke-opacity:1\"><\/path><\/g><\/svg><br \/>\n\tSelecione uma categoria<\/p>\n<fieldset>\n<legend style=\"display:none;\">Filtro<\/legend>\n<p>\t<label ><br \/>\n\t\t<input\n\t\t\ttype=\"checkbox\"\n\t\t\tclass=\"jet-checkboxes-list__input\"\n\t\t\tname=\"product_cat\"\n\t\t\tvalue=\"15\"\n\t\t\tdata-label=\"Lan\u00e7amento\"\n\t\t\taria-label=\"Lan\u00e7amento\"\n\t\t\t\t\t><br \/>\n\t\t\t\t\t\tLan\u00e7amento<br \/>\n\t<\/label><br \/>\n\t<label ><br \/>\n\t\t<input\n\t\t\ttype=\"checkbox\"\n\t\t\tclass=\"jet-checkboxes-list__input\"\n\t\t\tname=\"product_cat\"\n\t\t\tvalue=\"16\"\n\t\t\tdata-label=\"Fic\u00e7\u00e3o\"\n\t\t\taria-label=\"Fic\u00e7\u00e3o\"\n\t\t\t\t\t><br \/>\n\t\t\t\t\t\tFic\u00e7\u00e3o<br \/>\n\t<\/label><br \/>\n\t<label ><br \/>\n\t\t<input\n\t\t\ttype=\"checkbox\"\n\t\t\tclass=\"jet-checkboxes-list__input\"\n\t\t\tname=\"product_cat\"\n\t\t\tvalue=\"19\"\n\t\t\tdata-label=\"Todos\"\n\t\t\taria-label=\"Todos\"\n\t\t\t\t\t><br \/>\n\t\t\t\t\t\tTodos<br \/>\n\t<\/label><br \/>\n<\/fieldset>\n<style>.elementor-41 .elementor-element.elementor-element-79a7e62 > .elementor-container{max-width:1100px;}.elementor-41 .elementor-element.elementor-element-c5456e2 > .elementor-element-populated{border-style:solid;border-width:1px 1px 1px 1px;border-color:var( --e-global-color-b28a1bd );transition:background 0.3s, border 0.3s, border-radius 0.3s, box-shadow 0.3s;padding:50px 50px 80px 50px;}.elementor-41 .elementor-element.elementor-element-c5456e2 > .elementor-element-populated > .elementor-background-overlay{transition:background 0.3s, border-radius 0.3s, opacity 0.3s;}.elementor-41 .elementor-element.elementor-element-bb44d2f .jet-listing-dynamic-terms{text-align:center;}.elementor-41 .elementor-element.elementor-element-bb44d2f .jet-listing-dynamic-terms__link{font-family:\"Poppins\", Sans-serif;font-size:20px;font-weight:400;text-transform:uppercase;letter-spacing:5px;color:var( --e-global-color-b28a1bd );}.elementor-41 .elementor-element.elementor-element-bb44d2f .jet-listing-dynamic-terms__link:hover{color:var( --e-global-color-2b11263 );}.elementor-41 .elementor-element.elementor-element-8c6c25c:hover img{filter:brightness( 100% ) contrast( 100% ) saturate( 0% ) blur( 0px ) hue-rotate( 0deg );}.elementor-41 .elementor-element.elementor-element-8c6c25c img{transition-duration:0.5s;box-shadow:20px 20px 20px 0px rgba(0, 0, 0, 0.34);}<\/style>\n<section data-id=\"79a7e62\" data-element_type=\"section\">\n\t\t\t<a href=\"https:\/\/editoraverne.com.br\/categoria-produto\/lancamento\/\">Lan\u00e7amento<\/a><br \/>\n\t\t<\/section>\n<style>.elementor-41 .elementor-element.elementor-element-79a7e62 > .elementor-container{max-width:1100px;}.elementor-41 .elementor-element.elementor-element-c5456e2 > .elementor-element-populated{border-style:solid;border-width:1px 1px 1px 1px;border-color:var( --e-global-color-b28a1bd );transition:background 0.3s, border 0.3s, border-radius 0.3s, box-shadow 0.3s;padding:50px 50px 80px 50px;}.elementor-41 .elementor-element.elementor-element-c5456e2 > .elementor-element-populated > .elementor-background-overlay{transition:background 0.3s, border-radius 0.3s, opacity 0.3s;}.elementor-41 .elementor-element.elementor-element-bb44d2f .jet-listing-dynamic-terms{text-align:center;}.elementor-41 .elementor-element.elementor-element-bb44d2f .jet-listing-dynamic-terms__link{font-family:\"Poppins\", Sans-serif;font-size:20px;font-weight:400;text-transform:uppercase;letter-spacing:5px;color:var( --e-global-color-b28a1bd );}.elementor-41 .elementor-element.elementor-element-bb44d2f .jet-listing-dynamic-terms__link:hover{color:var( --e-global-color-2b11263 );}.elementor-41 .elementor-element.elementor-element-8c6c25c:hover img{filter:brightness( 100% ) contrast( 100% ) saturate( 0% ) blur( 0px ) hue-rotate( 0deg );}.elementor-41 .elementor-element.elementor-element-8c6c25c img{transition-duration:0.5s;box-shadow:20px 20px 20px 0px rgba(0, 0, 0, 0.34);}<\/style>\n<section data-id=\"79a7e62\" data-element_type=\"section\">\n\t\t\t<a href=\"https:\/\/editoraverne.com.br\/categoria-produto\/ficcao\/\">Fic\u00e7\u00e3o<\/a><br \/>\n\t\t<\/section>\n<style>\/*! elementor - v3.15.0 - 09-08-2023 *\/\n.elementor-widget-image{text-align:center}.elementor-widget-image a{display:inline-block}.elementor-widget-image a img[src$=\".svg\"]{width:48px}.elementor-widget-image img{vertical-align:middle;display:inline-block}<\/style>\n<p>\t\t\t\t\t\t\t\t\t\t\t\t<img decoding=\"async\" width=\"200\" height=\"102\" src=\"https:\/\/editoraverne.com.br\/wp-content\/uploads\/2023\/08\/Verne-Editora.png\" alt=\"\" loading=\"lazy\" \/>\t\t\t\t\t\t\t\t\t\t\t\t\t\t\t<\/p>\n<style>\/*! elementor - v3.15.0 - 09-08-2023 *\/\n.elementor-heading-title{padding:0;margin:0;line-height:1}.elementor-widget-heading .elementor-heading-title[class*=elementor-size-]>a{color:inherit;font-size:inherit;line-height:inherit}.elementor-widget-heading .elementor-heading-title.elementor-size-small{font-size:15px}.elementor-widget-heading .elementor-heading-title.elementor-size-medium{font-size:19px}.elementor-widget-heading .elementor-heading-title.elementor-size-large{font-size:29px}.elementor-widget-heading .elementor-heading-title.elementor-size-xl{font-size:39px}.elementor-widget-heading .elementor-heading-title.elementor-size-xxl{font-size:59px}<\/style>\n<h2><a href=\"https:\/\/goo.gl\/maps\/VhKbeVuGLH17sb856\" target=\"_blank\" rel=\"noopener\">Av. S\u00e3o Jo\u00e3o, 2725, sala 120B, Jd. Antares<br \/>Londrina, PR, CEP 86036-030.<\/a><\/h2>\n<h2>43 33518003<\/h2>\n<h2><a href=\"mailto:verneeditora@gmail.com\">verneeditora@gmail.com<\/a><\/h2>\n<h2><a href=\"https:\/\/www.instagram.com\/editoraverne\/\" target=\"_blank\" rel=\"noopener\">instagram<\/a><\/h2>\n","protected":false},"excerpt":{"rendered":"<p>Filtro Lan\u00e7amento Fic\u00e7\u00e3o Todos Selecione uma categoria Filtro Lan\u00e7amento Fic\u00e7\u00e3o Todos Lan\u00e7amento Fic\u00e7\u00e3o Av. S\u00e3o Jo\u00e3o, 2725, sala 120B, Jd. AntaresLondrina, PR, CEP 86036-030. 43 33518003 verneeditora@gmail.com instagram<\/p>\n","protected":false},"author":1,"featured_media":0,"parent":0,"menu_order":0,"comment_status":"closed","ping_status":"closed","template":"elementor_canvas","meta":{"footnotes":""},"class_list":["post-26","page","type-page","status-publish","hentry"],"_links":{"self":[{"href":"https:\/\/editoraverne.com.br\/index.php?rest_route=\/wp\/v2\/pages\/26","targetHints":{"allow":["GET"]}}],"collection":[{"href":"https:\/\/editoraverne.com.br\/index.php?rest_route=\/wp\/v2\/pages"}],"about":[{"href":"https:\/\/editoraverne.com.br\/index.php?rest_route=\/wp\/v2\/types\/page"}],"author":[{"embeddable":true,"href":"https:\/\/editoraverne.com.br\/index.php?rest_route=\/wp\/v2\/users\/1"}],"replies":[{"embeddable":true,"href":"https:\/\/editoraverne.com.br\/index.php?rest_route=%2Fwp%2Fv2%2Fcomments&post=26"}],"version-history":[{"count":89,"href":"https:\/\/editoraverne.com.br\/index.php?rest_route=\/wp\/v2\/pages\/26\/revisions"}],"predecessor-version":[{"id":196,"href":"https:\/\/editoraverne.com.br\/index.php?rest_route=\/wp\/v2\/pages\/26\/revisions\/196"}],"wp:attachment":[{"href":"https:\/\/editoraverne.com.br\/index.php?rest_route=%2Fwp%2Fv2%2Fmedia&parent=26"}],"curies":[{"name":"wp","href":"https:\/\/api.w.org\/{rel}","templated":true}]}}